{"id":581,"date":"2023-01-16T05:02:38","date_gmt":"2023-01-16T08:02:38","guid":{"rendered":"http:\/\/expomus.com.br\/wp_homolog2022\/about-expomus\/"},"modified":"2024-11-24T14:26:32","modified_gmt":"2024-11-24T17:26:32","slug":"about-expomus","status":"publish","type":"page","link":"https:\/\/expomus.com.br\/en\/about-expomus\/","title":{"rendered":"About Expomus"},"content":{"rendered":"\n<p>Expomus has been working since 1981 in museum projects throughout Brazil and abroad. Our hallmark is the<strong> deep dialogue with the present time<\/strong>: at all times, we seek to understand the context and the ongoing transformations to carry out projects that respond to contemporary desires, while ensuring their <strong>longevity,<\/strong> <strong>resonance with the public<\/strong> and <strong>positive social impact<\/strong>. <\/p>\n\n<p>In these four decades of operation, the work we have developed has permeated social, <strong>cultural<\/strong>, <strong>scientific<\/strong>, <strong>technological <\/strong>and <strong>environmental<\/strong> <strong>issues<\/strong>. In recent years, we have specialized in encompassing the dimensions of <strong>sustainability<\/strong> and <strong>human diversity<\/strong> at the basis of the projects we carry out, so that these values operate transversally in all processes and products. <\/p>\n\n<p>Thus, we incorporate into our work the constant attention to socio-environmental emergencies, their impact on society and the role of museums in mitigation, adaptation and resilience in relation to the socio-climate crisis. In the strategic planning and museological plans we carry out, we seek to prepare institutions so that their operations and programs act in a sustainable manner &#8211; from an economic, social and environmental point of view &#8211; as well as to deal with adverse situations. <\/p>\n\n<p>Our actions privilege <strong>attention to others<\/strong>, the <strong>awakening of new talents<\/strong> for culture, the <strong>continued training <\/strong>of our peers and the<strong> formation of new audiences<\/strong> for Brazilian museums. We believe in<strong> collaborative, inclusive and accessible actions.<\/strong> We work towards the quality of relationships and achievements and foster the discovery of <strong>new sustainable forms of cultural management<\/strong>. <\/p>\n\n<p>Expomus is permanently committed to encouraging museums and institutions to work in partnership with their communities, expanding the capacity for social transformation and resilience in the territories.  <\/p>\n\n<p>Among our main <a href=\"http:\/\/expomus.com.br\/wp_homolog2022\/parceiros-e-clientes\/\">clients and partners<\/a> are national and international museums and institutions, artists, private and corporate collectors, as well as public agencies at the municipal, state and federal levels. The more than 250 projects we have developed so far are marked by novelty, quality, ethics and transparency.  <strong>Our solutions are sized to fully meet the customer&#8217;s needs, whether in the realization of a small one-off project or in the design and implementation of a large museum.<\/strong><br\/><\/p>\n\n<div  class=\"custom-block numeros-expomus \" aria-label=\"Galeria de m\u00eddia\">\n    <ul class=\"grupo-num\">\n                \n        <li class=\"item-num\">\n            <div class=\"container-num\">\n        <span class=\"antes\">since<\/span>            \n        <div class=\"txt-numeros\"><span class=\"animar\" data-numero=\"1981\">1981<\/span><\/div>            \n        <span class=\"depois\"><\/span>            <\/div>\n        <\/li>\n                \n        <li class=\"item-num\">\n            <div class=\"container-num\">\n        <span class=\"antes\"><\/span>            \n        <div class=\"txt-numeros\">+ <span class=\"animar\" data-numero=\"250\">250<\/span><\/div>            \n        <span class=\"depois\">projects carried out<\/span>            <\/div>\n        <\/li>\n                \n        <li class=\"item-num\">\n            <div class=\"container-num\">\n        <span class=\"antes\"><\/span>            \n        <div class=\"txt-numeros\">+ <span class=\"animar\" data-numero=\"200\">200<\/span><\/div>            \n        <span class=\"depois\">customers and partners<\/span>            <\/div>\n        <\/li>\n                \n        <li class=\"item-num\">\n            <div class=\"container-num\">\n        <span class=\"antes\"><\/span>            \n        <div class=\"txt-numeros\"><span class=\"animar\" data-numero=\"15\">15<\/span><\/div>            \n        <span class=\"depois\">awards received<\/span>            <\/div>\n        <\/li>\n            <\/ul>\n<\/div>\n\n\n<script>\n    jQuery( document ).ready(function($) {\n\n        setTimeout(function() {\n            let ghosts = $('.txt-numeros');\n            ghosts.each( function() {\n                let $this = $(this);\n                let largura = $this.css('width');\n                console.log(largura);\n                $this.css('width', largura);\n\n\n                $this.find('.animar').html('0');\n                $this.parent().addClass('pronto');\n            });\n        }, 200);\n\n\n        let contadorIniciado = false;\n\n        \/\/fun\u00e7\u00e3o que faz a anima\u00e7\u00e3o dos dados\n        function animaContadores() {\n            $('.grupo-num .animar').each(function () {\n                let $this = $(this);\n                jQuery({ Counter: 0 }).animate({ Counter: $this.data('numero')}, {\n                    duration: 2000,\n                    easing: 'swing',\n                    step: function (now) {\n                        $this.text(Math.ceil(now));\n                    }\n                });\n            });\n        }\n\n\n        \/\/fun\u00e7\u00e3o que inicia os scripts\n        function iniciarContador() {\n\n            let targetElements = document.querySelectorAll('.grupo-num');\n\n            let options = {\n                rootMargin: '0px',\n                threshold: 0.2\n            }\n\n            function callback(entries) {\n                entries.forEach( (entry) => {\n\n                    if (entry.isIntersecting && contadorIniciado == false) {\n                        setTimeout(() => {\n                            animaContadores();\n                            contadorIniciado = true;\n                        },400);\n                    }\n                } );\n            }\n\n            let observer = new IntersectionObserver(callback, options);\n\n            targetElements.forEach( (target) => {\n                observer.observe(target);\n            } );\n\n        }            \n\n        \/\/inicia os contadores se estiver na tela\n        iniciarContador();\n\n    });\n<\/script>\n\n\n\n<div  class=\"custom-block acordeon-expomus \">\n    <dl class=\"acordeon-itens\" aria-label=\"Click the item to view its definition\">\n\n        \n        <div class=\"ac-item\">\n            <dt class=\"ac-titulo\" role=\"button\">\n                <h3>Museology<\/h3>\n            <\/dt>\n            <dd class=\"ac-conteudo desc\">\n                <p>Museology is the articulating axis from which all the activities of Expomus flow since the company&#8217;s foundation in 1981, always focusing on <strong>the discovery and construction of new possibilities <\/strong>from the understanding of museums as spaces for dialogue with society. In partnership with the third sector, the government or the private sector, our projects have an emphasis on the relations of culture with social and environmental development. In the last decade, we have turned our gaze to issues that expand the space and debate around museums, that allow their audiences better access to collections and informational content, and that integrate them into the communities to which they are linked.  <\/p>\n<h4><strong>SERVICES<\/strong><\/h4>\n<ul>\n<li>Development of Museological Plans<\/li>\n<li>Design and implementation of new museums, cultural centers and memory spaces<\/li>\n<li>Restructuring of existing institutions<\/li>\n<li>Development of educational programs aimed at understanding and preserving material and intangible heritage<\/li>\n<li>Accessibility studies<\/li>\n<li>Local memory and community mobilization<\/li>\n<li>Sustainability strategies<\/li>\n<li>Social, educational and environmental projects with museum emphasis<\/li>\n<li>Training projects in the museological area, through seminars, lectures and cultural workshops<\/li>\n<li>Communication plans integrated into projects<\/li>\n<\/ul>\n            <\/dd>\n        <\/div>\n\n        \n        <div class=\"ac-item\">\n            <dt class=\"ac-titulo\" role=\"button\">\n                <h3>Exhibitions<\/h3>\n            <\/dt>\n            <dd class=\"ac-conteudo desc\">\n                <p>Expomus is recognized in Brazil and abroad for excellence in the realization of large exhibitions marked by technical rigor and innovative communication actions. Our strategic experience, added to the <a href=\"http:\/\/expomus.com.br\/wp_homolog2022\/parceiros-e-clientes\/\">partnership with the most important institutions in Brazil and the world<\/a>, allows us to make the proposition and integral development of exhibitions; the circulation of thousands of masterpieces around the world safely; in addition to fostering quality educational programmes. The 21st century evokes the creation of thought-provoking exhibitions, marked by the conquest of new audiences, the development of new methodological strategies, the use of new techniques of conservation and dissemination. Expomus works with contemporary exhibitions in multiple exhibition languages, from multidisciplinary teams and the intensive &#8211; and strategic &#8211; use of technological resources. The elaboration of exhibitions involves numerous professionals and a complex chain of operations in the conceptual and operational spheres and are, undeniably, fertile channels of cultural and institutional exchange.  <\/p>\n<h4>SERVICES<\/h4>\n<ul>\n<li>Proposition and full development of national and international temporary exhibitions<\/li>\n<li>Proposition and full development of long-term exhibitions for museums, cultural and business institutions<\/li>\n<li>Coordination of loans of works and objects<\/li>\n<li>Exhibition roaming<\/li>\n<li>Enabling import and export<\/li>\n<\/ul>\n            <\/dd>\n        <\/div>\n\n        \n        <div class=\"ac-item\">\n            <dt class=\"ac-titulo\" role=\"button\">\n                <h3>Collections<\/h3>\n            <\/dt>\n            <dd class=\"ac-conteudo desc\">\n                <p>A significant portion of Brazilian heritage is outside museums, housed in private collections and collections, from north to south of the country. Expomus operates in the service of collections, whether public, private or business. For us, <strong>this universe contains a clear vision of the future<\/strong>. From the work of art to the historical collection, from archaeological remains to scientific instruments \u2013 each record we organize requires a thorough treatment, which consists of safeguarding actions and respect for international standards of conservation and security, fundamental for the preservation of these artistic and heritage assets for future generations. A qualified team ensures detailed and careful management of the collections.  <\/p>\n<h4>SERVICES<\/h4>\n<ul>\n<li>Cataloging and computerization of collections<\/li>\n<li>Home <em>care management for<\/em> private collections<\/li>\n<li>Management of loans from collections for exhibitions<\/li>\n<li>Tailor-made public extroversion programs for collections and collections<\/li>\n<li>Differentiated educational actions for the dissemination of collections and collections<\/li>\n<li>Implementation of specialized technical reserves, public and private<\/li>\n<li>Storage management of holdings<\/li>\n<\/ul>\n            <\/dd>\n        <\/div>\n\n        \n    <\/dl>\n    \n<\/div>\n\n\n<script>\n\n    jQuery(function ($) {\n\n        $(document).ready(function () {\n\n            $('.acordeon-itens .ac-titulo').click(function () {\n\n                let conteudo = $(this).next('.ac-conteudo');\n                let item = $(this).parent('.ac-item');\n\n                if(item.hasClass('ac-aberto')) {\n                    conteudo.slideUp();\n                    item.removeClass('ac-aberto');\n                } else {\n                    $('.ac-conteudo').slideUp();\n                    $('.ac-conteudo').parent().removeClass('ac-aberto');\n                    conteudo.slideDown(function() {\n                        $('html,body').animate({\n                            scrollTop: $(item).offset().top-150\n                        }, 500);\n                    });\n                    item.addClass('ac-aberto');\n\n                }\n\n            });\n\n        });\n\n    });\n\n<\/script>\n<h3 class=\"wp-block-heading\"><strong>About Museum Plans<\/strong><\/h3>\n\n<figure class=\"wp-block-embed is-type-video is-provider-youtube wp-block-embed-youtube wp-embed-aspect-16-9 wp-has-aspect-ratio\"><div class=\"wp-block-embed__wrapper\"> \n<iframe loading=\"lazy\" title=\"O Plano Museol\u00f3gico \u00e9 como um organismo vivo! [Com locu\u00e7\u00e3o]\" width=\"500\" height=\"281\" src=\"https:\/\/www.youtube.com\/embed\/XEbwJYjyRi0?feature=oembed\" frameborder=\"0\" allow=\"accelerometer; autoplay; clipboard-write; encrypted-media; gyroscope; picture-in-picture; web-share\" referrerpolicy=\"strict-origin-when-cross-origin\" allowfullscreen><\/iframe>\n <\/div><\/figure>\n","protected":false},"excerpt":{"rendered":"Expomus has been working since 1981 in museum projects throughout Brazil and abroad. Our hallmark is the deep dialogue with the present time: at all times, we seek to understand the context and the ongoing transformations to carry out projects that respond to contemporary desires, while ensuring their longevity, resonance with the public and positive [&hellip;]","protected":false},"author":1,"featured_media":419,"parent":0,"menu_order":0,"comment_status":"closed","ping_status":"closed","template":"","meta":{"inline_featured_image":false,"footnotes":""},"class_list":["post-581","page","type-page","status-publish","has-post-thumbnail","hentry"],"acf":[],"yoast_head":"<!-- This site is optimized with the Yoast SEO plugin v19.13 - https:\/\/yoast.com\/wordpress\/plugins\/seo\/ -->\n<title>About Expomus | Expomus<\/title>\n<meta name=\"robots\" content=\"index, follow, max-snippet:-1, max-image-preview:large, max-video-preview:-1\" \/>\n<link rel=\"canonical\" href=\"https:\/\/expomus.com.br\/en\/about-expomus\/\" \/>\n<meta property=\"og:locale\" content=\"en_US\" \/>\n<meta property=\"og:type\" content=\"article\" \/>\n<meta property=\"og:title\" content=\"About Expomus | Expomus\" \/>\n<meta property=\"og:description\" content=\"Expomus has been working since 1981 in museum projects throughout Brazil and abroad. Our hallmark is the deep dialogue with the present time: at all times, we seek to understand the context and the ongoing transformations to carry out projects that respond to contemporary desires, while ensuring their longevity, resonance with the public and positive [&hellip;]\" \/>\n<meta property=\"og:url\" content=\"https:\/\/expomus.com.br\/en\/about-expomus\/\" \/>\n<meta property=\"og:site_name\" content=\"Expomus\" \/>\n<meta property=\"article:publisher\" content=\"https:\/\/facebook.com\/Expomus\" \/>\n<meta property=\"article:modified_time\" content=\"2024-11-24T17:26:32+00:00\" \/>\n<meta property=\"og:image\" content=\"https:\/\/expomus.com.br\/wp-content\/uploads\/2023\/01\/banner.jpg\" \/>\n\t<meta property=\"og:image:width\" content=\"1903\" \/>\n\t<meta property=\"og:image:height\" content=\"618\" \/>\n\t<meta property=\"og:image:type\" content=\"image\/jpeg\" \/>\n<meta name=\"twitter:card\" content=\"summary_large_image\" \/>\n<meta name=\"twitter:label1\" content=\"Est. reading time\" \/>\n\t<meta name=\"twitter:data1\" content=\"2 minutes\" \/>\n<script type=\"application\/ld+json\" class=\"yoast-schema-graph\">{\"@context\":\"https:\/\/schema.org\",\"@graph\":[{\"@type\":\"WebPage\",\"@id\":\"https:\/\/expomus.com.br\/en\/about-expomus\/\",\"url\":\"https:\/\/expomus.com.br\/en\/about-expomus\/\",\"name\":\"About Expomus | Expomus\",\"isPartOf\":{\"@id\":\"https:\/\/expomus.com.br\/en\/#website\"},\"datePublished\":\"2023-01-16T08:02:38+00:00\",\"dateModified\":\"2024-11-24T17:26:32+00:00\",\"breadcrumb\":{\"@id\":\"https:\/\/expomus.com.br\/en\/about-expomus\/#breadcrumb\"},\"inLanguage\":\"en-US\",\"potentialAction\":[{\"@type\":\"ReadAction\",\"target\":[\"https:\/\/expomus.com.br\/en\/about-expomus\/\"]}]},{\"@type\":\"BreadcrumbList\",\"@id\":\"https:\/\/expomus.com.br\/en\/about-expomus\/#breadcrumb\",\"itemListElement\":[{\"@type\":\"ListItem\",\"position\":1,\"name\":\"In\u00edcio\",\"item\":\"https:\/\/expomus.com.br\/en\/\"},{\"@type\":\"ListItem\",\"position\":2,\"name\":\"About Expomus\"}]},{\"@type\":\"WebSite\",\"@id\":\"https:\/\/expomus.com.br\/en\/#website\",\"url\":\"https:\/\/expomus.com.br\/en\/\",\"name\":\"Expomus\",\"description\":\"\",\"publisher\":{\"@id\":\"https:\/\/expomus.com.br\/en\/#organization\"},\"alternateName\":\"Expomus\",\"potentialAction\":[{\"@type\":\"SearchAction\",\"target\":{\"@type\":\"EntryPoint\",\"urlTemplate\":\"https:\/\/expomus.com.br\/en\/?s={search_term_string}\"},\"query-input\":\"required name=search_term_string\"}],\"inLanguage\":\"en-US\"},{\"@type\":\"Organization\",\"@id\":\"https:\/\/expomus.com.br\/en\/#organization\",\"name\":\"Expomus\",\"alternateName\":\"Expomus\",\"url\":\"https:\/\/expomus.com.br\/en\/\",\"logo\":{\"@type\":\"ImageObject\",\"inLanguage\":\"en-US\",\"@id\":\"https:\/\/expomus.com.br\/en\/#\/schema\/logo\/image\/\",\"url\":\"http:\/\/expomus.com.br\/wp-content\/uploads\/2023\/01\/logo-expomus.svg\",\"contentUrl\":\"http:\/\/expomus.com.br\/wp-content\/uploads\/2023\/01\/logo-expomus.svg\",\"width\":\"1920\",\"height\":\"1920\",\"caption\":\"Expomus\"},\"image\":{\"@id\":\"https:\/\/expomus.com.br\/en\/#\/schema\/logo\/image\/\"},\"sameAs\":[\"https:\/\/www.instagram.com\/expomus\/\",\"https:\/\/www.linkedin.com\/company\/expomus\/\",\"https:\/\/facebook.com\/Expomus\"]}]}<\/script>\n<!-- \/ Yoast SEO plugin. -->","yoast_head_json":{"title":"About Expomus | Expomus","robots":{"index":"index","follow":"follow","max-snippet":"max-snippet:-1","max-image-preview":"max-image-preview:large","max-video-preview":"max-video-preview:-1"},"canonical":"https:\/\/expomus.com.br\/en\/about-expomus\/","og_locale":"en_US","og_type":"article","og_title":"About Expomus | Expomus","og_description":"Expomus has been working since 1981 in museum projects throughout Brazil and abroad. Our hallmark is the deep dialogue with the present time: at all times, we seek to understand the context and the ongoing transformations to carry out projects that respond to contemporary desires, while ensuring their longevity, resonance with the public and positive [&hellip;]","og_url":"https:\/\/expomus.com.br\/en\/about-expomus\/","og_site_name":"Expomus","article_publisher":"https:\/\/facebook.com\/Expomus","article_modified_time":"2024-11-24T17:26:32+00:00","og_image":[{"width":1903,"height":618,"url":"https:\/\/expomus.com.br\/wp-content\/uploads\/2023\/01\/banner.jpg","type":"image\/jpeg"}],"twitter_card":"summary_large_image","twitter_misc":{"Est. reading time":"2 minutes"},"schema":{"@context":"https:\/\/schema.org","@graph":[{"@type":"WebPage","@id":"https:\/\/expomus.com.br\/en\/about-expomus\/","url":"https:\/\/expomus.com.br\/en\/about-expomus\/","name":"About Expomus | Expomus","isPartOf":{"@id":"https:\/\/expomus.com.br\/en\/#website"},"datePublished":"2023-01-16T08:02:38+00:00","dateModified":"2024-11-24T17:26:32+00:00","breadcrumb":{"@id":"https:\/\/expomus.com.br\/en\/about-expomus\/#breadcrumb"},"inLanguage":"en-US","potentialAction":[{"@type":"ReadAction","target":["https:\/\/expomus.com.br\/en\/about-expomus\/"]}]},{"@type":"BreadcrumbList","@id":"https:\/\/expomus.com.br\/en\/about-expomus\/#breadcrumb","itemListElement":[{"@type":"ListItem","position":1,"name":"In\u00edcio","item":"https:\/\/expomus.com.br\/en\/"},{"@type":"ListItem","position":2,"name":"About Expomus"}]},{"@type":"WebSite","@id":"https:\/\/expomus.com.br\/en\/#website","url":"https:\/\/expomus.com.br\/en\/","name":"Expomus","description":"","publisher":{"@id":"https:\/\/expomus.com.br\/en\/#organization"},"alternateName":"Expomus","potentialAction":[{"@type":"SearchAction","target":{"@type":"EntryPoint","urlTemplate":"https:\/\/expomus.com.br\/en\/?s={search_term_string}"},"query-input":"required name=search_term_string"}],"inLanguage":"en-US"},{"@type":"Organization","@id":"https:\/\/expomus.com.br\/en\/#organization","name":"Expomus","alternateName":"Expomus","url":"https:\/\/expomus.com.br\/en\/","logo":{"@type":"ImageObject","inLanguage":"en-US","@id":"https:\/\/expomus.com.br\/en\/#\/schema\/logo\/image\/","url":"http:\/\/expomus.com.br\/wp-content\/uploads\/2023\/01\/logo-expomus.svg","contentUrl":"http:\/\/expomus.com.br\/wp-content\/uploads\/2023\/01\/logo-expomus.svg","width":"1920","height":"1920","caption":"Expomus"},"image":{"@id":"https:\/\/expomus.com.br\/en\/#\/schema\/logo\/image\/"},"sameAs":["https:\/\/www.instagram.com\/expomus\/","https:\/\/www.linkedin.com\/company\/expomus\/","https:\/\/facebook.com\/Expomus"]}]}},"_links":{"self":[{"href":"https:\/\/expomus.com.br\/en\/wp-json\/wp\/v2\/pages\/581","targetHints":{"allow":["GET"]}}],"collection":[{"href":"https:\/\/expomus.com.br\/en\/wp-json\/wp\/v2\/pages"}],"about":[{"href":"https:\/\/expomus.com.br\/en\/wp-json\/wp\/v2\/types\/page"}],"author":[{"embeddable":true,"href":"https:\/\/expomus.com.br\/en\/wp-json\/wp\/v2\/users\/1"}],"replies":[{"embeddable":true,"href":"https:\/\/expomus.com.br\/en\/wp-json\/wp\/v2\/comments?post=581"}],"version-history":[{"count":7,"href":"https:\/\/expomus.com.br\/en\/wp-json\/wp\/v2\/pages\/581\/revisions"}],"predecessor-version":[{"id":1293,"href":"https:\/\/expomus.com.br\/en\/wp-json\/wp\/v2\/pages\/581\/revisions\/1293"}],"wp:featuredmedia":[{"embeddable":true,"href":"https:\/\/expomus.com.br\/en\/wp-json\/wp\/v2\/media\/419"}],"wp:attachment":[{"href":"https:\/\/expomus.com.br\/en\/wp-json\/wp\/v2\/media?parent=581"}],"curies":[{"name":"wp","href":"https:\/\/api.w.org\/{rel}","templated":true}]}}